{"id":8998,"date":"2023-01-27T16:38:46","date_gmt":"2023-01-27T16:38:46","guid":{"rendered":"https:\/\/elixir-ks.com\/?page_id=8998"},"modified":"2023-01-27T16:47:42","modified_gmt":"2023-01-27T16:47:42","slug":"kushtet-dhe-rregullat-e-pergjithshme","status":"publish","type":"page","link":"https:\/\/elixir-ks.com\/en\/kushtet-dhe-rregullat-e-pergjithshme\/","title":{"rendered":"Kushtet dhe rregullat e p\u00ebrgjithshme"},"content":{"rendered":"<div data-elementor-type=\"wp-page\" data-elementor-id=\"8998\" class=\"elementor elementor-8998\" data-elementor-post-type=\"page\">\n\t\t\t\t\t\t<section class=\"elementor-section elementor-top-section elementor-element elementor-element-61715f7 elementor-section-boxed elementor-section-height-default elementor-section-height-default\" data-id=\"61715f7\" data-element_type=\"section\">\n\t\t\t\t\t\t<div class=\"elementor-container elementor-column-gap-default\">\n\t\t\t\t\t<div class=\"elementor-column elementor-col-100 elementor-top-column elementor-element elementor-element-001bab3\" data-id=\"001bab3\" data-element_type=\"column\">\n\t\t\t<div class=\"elementor-widget-wrap elementor-element-populated\">\n\t\t\t\t\t\t<div class=\"elementor-element elementor-element-520d20c elementor-widget elementor-widget-heading\" data-id=\"520d20c\" data-element_type=\"widget\" data-widget_type=\"heading.default\">\n\t\t\t\t<div class=\"elementor-widget-container\">\n\t\t\t\t\t<h2 class=\"elementor-heading-title elementor-size-default\">Kufizimi i p\u00ebrgjegj\u00ebsis\u00eb<\/h2>\t\t\t\t<\/div>\n\t\t\t\t<\/div>\n\t\t\t\t<div class=\"elementor-element elementor-element-64e5a0a elementor-widget elementor-widget-text-editor\" data-id=\"64e5a0a\" data-element_type=\"widget\" data-widget_type=\"text-editor.default\">\n\t\t\t\t<div class=\"elementor-widget-container\">\n\t\t\t\t\t\t\t\t\t<p>K\u00ebto kushte t\u00eb p\u00ebrdorimit rregullojn\u00eb hyrjen n\u00eb k\u00ebt\u00eb faqe n\u00eb internet nga klient\u00ebt e Elixir Make Up Kosovo dhe p\u00ebrdoruesit e tjer\u00eb t\u00eb internetit. Me p\u00ebrdorimin e thjesht\u00eb t\u00eb k\u00ebsaj faqe n\u00eb internet, p\u00ebrdoruesi shpreh pranimin e tij pa rezerva t\u00eb k\u00ebtyre kushteve t\u00eb p\u00ebrdorimit.<\/p><p>P\u00ebrmbajtja e k\u00ebsaj faqe n\u00eb internet \u00ebsht\u00eb e nj\u00eb natyre t\u00eb p\u00ebrgjithshme dhe ka p\u00ebr q\u00ebllim t\u00eb shes produkte n\u00eb internet q\u00eb lidhen me kozmetik\u00eb.<\/p><p>Elixir Make Up Kosovo rezervon t\u00eb drejt\u00ebn e nj\u00ebanshme p\u00ebr t\u00eb modifikuar kushtet e hyrjes n\u00eb internet, si dhe p\u00ebrmbajtjen e p\u00ebrfshir\u00eb n\u00eb t\u00eb ose kushtet e p\u00ebrdorimit t\u00eb p\u00ebrfshira n\u00eb k\u00ebt\u00eb dokument.<\/p><p>Elixir Make Up Kosovo hedh posht\u00eb p\u00ebrgjegj\u00ebsin\u00eb p\u00ebr \u00e7do informacion q\u00eb nuk \u00ebsht\u00eb p\u00ebrgatitur nga ana e saj ose jo e botuar n\u00eb nj\u00eb m\u00ebnyr\u00eb t\u00eb autorizuar n\u00ebn emrin e saj, si dhe p\u00ebrgjegj\u00ebsia q\u00eb rrjedh nga keqp\u00ebrdorimi i p\u00ebrmbajtjes, si dhe rezervon t\u00eb drejt\u00ebn p\u00ebr t\u00eb azhurnuar, eleminuar, kufizuar ose parandaluar hyrjen n\u00eb to, p\u00ebrkoh\u00ebsisht ose p\u00ebrgjithmon\u00eb.<\/p><p>P\u00ebrdoruesi shfaj\u00ebson Elixir Make Up Kosovo nga \u00e7do p\u00ebrgjegj\u00ebsi q\u00eb mund t\u00eb lind nga nd\u00ebrprerjet e disponueshm\u00ebris\u00eb s\u00eb faqes n\u00eb internet, qoft\u00eb p\u00ebr shkak t\u00eb mosfunksionimit t\u00eb serverit t\u00eb internetit ose aplikacioneve, infrastrukturave t\u00eb komunikimit, ose softuerit dhe pajisjes s\u00eb p\u00ebrdorur p\u00ebr navigim. Po k\u00ebshtu, Elixir Make Up Kosovo nuk merr asnj\u00eb p\u00ebrgjegj\u00ebsi p\u00ebr d\u00ebmet ose veprimet ose mosveprimet e shkaktuara nga pal\u00ebt e treta n\u00eb nj\u00eb m\u00ebnyr\u00eb jolegjitime dhe pa dijenin\u00eb e tyre.<\/p><p>Elixir Make Up Kosovo do t\u00eb ju p\u00ebrgjigjet k\u00ebrkesave tuaja duke siguruar qasje n\u00eb k\u00ebt\u00eb web-faqe 24 or\u00eb n\u00eb dit\u00eb.<\/p><p>T\u00eb gjitha t\u00eb dh\u00ebnat dhe informacionet e publikuara n\u00eb web-faqen ton\u00eb jan\u00eb p\u00ebrmbajtje e autorizuar nga brendet me t\u00eb cilat bashk\u00ebpunojm\u00eb dhe vet\u00ebm Elixir Make Up Kosovo rezervon t\u00eb drejt\u00ebn p\u00ebr t\u00eb ndryshuar apo p\u00ebrditesuar ato.<\/p><p>P\u00ebrderisa \u201cinternet\u201d \u00ebsht\u00eb nj\u00eb medium me p\u00ebrdit\u00ebsim t\u00eb vazhduesh\u00ebm, p\u00ebrve\u00e7 n\u00ebse parashihet ndryshe n\u00eb rregulloret e aplikueshme n\u00eb Kosov\u00eb, Elixir Make Up Kosovo merr p\u00ebrgjegj\u00ebsi p\u00ebr sakt\u00ebsin\u00eb dhe besueshm\u00ebrin\u00eb e informacionit dhe p\u00ebrmbajtjes s\u00eb publikuar.<\/p>\t\t\t\t\t\t\t\t<\/div>\n\t\t\t\t<\/div>\n\t\t\t\t\t<\/div>\n\t\t<\/div>\n\t\t\t\t\t<\/div>\n\t\t<\/section>\n\t\t\t\t<\/div>","protected":false},"excerpt":{"rendered":"<p>Kufizimi i p\u00ebrgjegj\u00ebsis\u00eb K\u00ebto kushte t\u00eb p\u00ebrdorimit rregullojn\u00eb hyrjen n\u00eb k\u00ebt\u00eb faqe n\u00eb internet nga klient\u00ebt e Elixir Make Up Kosovo dhe p\u00ebrdoruesit e tjer\u00eb t\u00eb internetit. Me p\u00ebrdorimin e thjesht\u00eb t\u00eb k\u00ebsaj faqe n\u00eb internet, p\u00ebrdoruesi shpreh pranimin e tij pa rezerva t\u00eb k\u00ebtyre&#8230;<\/p>","protected":false},"author":46,"featured_media":0,"parent":0,"menu_order":0,"comment_status":"closed","ping_status":"closed","template":"","meta":{"_monsterinsights_skip_tracking":false,"_monsterinsights_sitenote_active":false,"_monsterinsights_sitenote_note":"","_monsterinsights_sitenote_category":0,"footnotes":""},"aioseo_notices":[],"jetpack_sharing_enabled":true,"_links":{"self":[{"href":"https:\/\/elixir-ks.com\/en\/wp-json\/wp\/v2\/pages\/8998"}],"collection":[{"href":"https:\/\/elixir-ks.com\/en\/wp-json\/wp\/v2\/pages"}],"about":[{"href":"https:\/\/elixir-ks.com\/en\/wp-json\/wp\/v2\/types\/page"}],"author":[{"embeddable":true,"href":"https:\/\/elixir-ks.com\/en\/wp-json\/wp\/v2\/users\/46"}],"replies":[{"embeddable":true,"href":"https:\/\/elixir-ks.com\/en\/wp-json\/wp\/v2\/comments?post=8998"}],"version-history":[{"count":0,"href":"https:\/\/elixir-ks.com\/en\/wp-json\/wp\/v2\/pages\/8998\/revisions"}],"wp:attachment":[{"href":"https:\/\/elixir-ks.com\/en\/wp-json\/wp\/v2\/media?parent=8998"}],"curies":[{"name":"wp","href":"https:\/\/api.w.org\/{rel}","templated":true}]}}