{"id":8990,"date":"2023-01-27T16:29:43","date_gmt":"2023-01-27T16:29:43","guid":{"rendered":"https:\/\/elixir-ks.com\/?page_id=8990"},"modified":"2023-01-30T10:34:41","modified_gmt":"2023-01-30T10:34:41","slug":"politika-e-kthimit","status":"publish","type":"page","link":"https:\/\/elixir-ks.com\/en\/politika-e-kthimit\/","title":{"rendered":"Politika e kthimit"},"content":{"rendered":"<div data-elementor-type=\"wp-page\" data-elementor-id=\"8990\" class=\"elementor elementor-8990\" data-elementor-post-type=\"page\">\n\t\t\t\t\t\t<section class=\"elementor-section elementor-top-section elementor-element elementor-element-62837af elementor-section-boxed elementor-section-height-default elementor-section-height-default\" data-id=\"62837af\" data-element_type=\"section\">\n\t\t\t\t\t\t<div class=\"elementor-container elementor-column-gap-default\">\n\t\t\t\t\t<div class=\"elementor-column elementor-col-100 elementor-top-column elementor-element elementor-element-d36ea4f\" data-id=\"d36ea4f\" data-element_type=\"column\">\n\t\t\t<div class=\"elementor-widget-wrap elementor-element-populated\">\n\t\t\t\t\t\t<div class=\"elementor-element elementor-element-da5ad6d elementor-widget elementor-widget-heading\" data-id=\"da5ad6d\" data-element_type=\"widget\" data-widget_type=\"heading.default\">\n\t\t\t\t<div class=\"elementor-widget-container\">\n\t\t\t\t\t<h2 class=\"elementor-heading-title elementor-size-default\">Politika e kthimit<\/h2>\t\t\t\t<\/div>\n\t\t\t\t<\/div>\n\t\t\t\t<div class=\"elementor-element elementor-element-4e111df elementor-widget elementor-widget-text-editor\" data-id=\"4e111df\" data-element_type=\"widget\" data-widget_type=\"text-editor.default\">\n\t\t\t\t<div class=\"elementor-widget-container\">\n\t\t\t\t\t\t\t\t\t<p>Si pjes\u00eb e politik\u00ebs s\u00eb saj tregtare, Elixir Make Up Kosovo u ofron klient\u00ebve t\u00eb saj 3 dit\u00eb kalendarike p\u00ebr t\u00eb qen\u00eb n\u00eb gjendje t\u00eb kthejn\u00eb produktet e blera p\u00ebrmes www.elixir-ks.com.<\/p><p>Pasi t\u00eb ket\u00eb kaluar periudha e lartp\u00ebrmendur, p\u00ebrdoruesi nuk do t\u00eb jet\u00eb m\u00eb n\u00eb gjendje t\u00eb p\u00ebrdor\u00eb t\u00eb drejt\u00ebn e kthimit.<\/p><p>Gjat\u00eb k\u00ebsaj periudhe, shpenzimet e transportit p\u00ebr kthimin do t\u00eb paguhen nga klienti.<\/p><p>Kthimet nuk do t\u00eb pranohen n\u00eb rastet vijuese:<\/p><ul class=\"devolutions_conditions_list\"><li class=\"devolutions_conditions\">Produkti ose paketimi \u00ebsht\u00eb n\u00eb gjendje t\u00eb keqe<\/li><li class=\"devolutions_conditions\">Produkti nuk \u00ebsht\u00eb i plot\u00eb, manipulohet ose prishet<\/li><li class=\"devolutions_conditions\">Produktet q\u00eb, n\u00eb p\u00ebrputhje me rregulloret aktuale, produkte t\u00eb personalizuara ose q\u00eb p\u00ebr higjien\u00eb ose arsye t\u00eb tjera nuk jan\u00eb subjekt i kthimit.<\/li><li class=\"devolutions_conditions\">Periudha e p\u00ebrcaktuar p\u00ebr k\u00ebt\u00eb q\u00ebllim ka kaluar<\/li><li class=\"devolutions_conditions\">D\u00ebshmia e blerjes dhe sh\u00ebnimi i dor\u00ebzimit mungon<\/li><\/ul><p>Rimbursimi do t\u00eb b\u00ebhet pasi t\u00eb marrim produktin dhe t\u00eb verifikojm\u00eb q\u00eb \u00ebsht\u00eb n\u00eb gjendje t\u00eb p\u00ebrsosur, brenda nj\u00eb periudhe prej 1 deri n\u00eb 3 dit\u00eb.<\/p><p>N\u00eb rastet e produkteve me defekt, t\u00eb prishura ose t\u00eb d\u00ebmtuara gjat\u00eb transportit t\u00eb d\u00ebrges\u00ebs te klienti, duhet q\u00eb menj\u00ebher\u00eb t\u00eb kontaktoni post\u00ebn.<\/p>\t\t\t\t\t\t\t\t<\/div>\n\t\t\t\t<\/div>\n\t\t\t\t<div class=\"elementor-element elementor-element-656f10c elementor-widget elementor-widget-heading\" data-id=\"656f10c\" data-element_type=\"widget\" data-widget_type=\"heading.default\">\n\t\t\t\t<div class=\"elementor-widget-container\">\n\t\t\t\t\t<h2 class=\"elementor-heading-title elementor-size-default\">Opsionet e kthimit<\/h2>\t\t\t\t<\/div>\n\t\t\t\t<\/div>\n\t\t\t\t<div class=\"elementor-element elementor-element-7ce7c14 elementor-widget elementor-widget-text-editor\" data-id=\"7ce7c14\" data-element_type=\"widget\" data-widget_type=\"text-editor.default\">\n\t\t\t\t<div class=\"elementor-widget-container\">\n\t\t\t\t\t\t\t\t\t<ul><li><b>P\u00ebrmes \u00e7do metode transporti ose d\u00ebrgimi t\u00eb zgjedhur nga ju<\/b><\/li><\/ul><p>Adresa e transportit: Malush Kosova-Ohrit 6, Prishtin\u00eb. Pasi produkti t\u00eb jet\u00eb verifikuar, ju do t\u00eb rimbursoheni<\/p><p>\u00a0<\/p>\t\t\t\t\t\t\t\t<\/div>\n\t\t\t\t<\/div>\n\t\t\t\t<div class=\"elementor-element elementor-element-87141b7 elementor-widget elementor-widget-heading\" data-id=\"87141b7\" data-element_type=\"widget\" data-widget_type=\"heading.default\">\n\t\t\t\t<div class=\"elementor-widget-container\">\n\t\t\t\t\t<h2 class=\"elementor-heading-title elementor-size-default\">Departamenti i Garancis\u00eb dhe Kthimit<\/h2>\t\t\t\t<\/div>\n\t\t\t\t<\/div>\n\t\t\t\t<div class=\"elementor-element elementor-element-e97ab7f elementor-widget elementor-widget-text-editor\" data-id=\"e97ab7f\" data-element_type=\"widget\" data-widget_type=\"text-editor.default\">\n\t\t\t\t<div class=\"elementor-widget-container\">\n\t\t\t\t\t\t\t\t\t<p>Email: info@elixir-ks.com<\/p>\t\t\t\t\t\t\t\t<\/div>\n\t\t\t\t<\/div>\n\t\t\t\t\t<\/div>\n\t\t<\/div>\n\t\t\t\t\t<\/div>\n\t\t<\/section>\n\t\t\t\t<\/div>","protected":false},"excerpt":{"rendered":"<p>Politika e kthimit Si pjes\u00eb e politik\u00ebs s\u00eb saj tregtare, Elixir Make Up Kosovo u ofron klient\u00ebve t\u00eb saj 3 dit\u00eb kalendarike p\u00ebr t\u00eb qen\u00eb n\u00eb gjendje t\u00eb kthejn\u00eb produktet e blera p\u00ebrmes www.elixir-ks.com. Pasi t\u00eb ket\u00eb kaluar periudha e lartp\u00ebrmendur, p\u00ebrdoruesi nuk do t\u00eb&#8230;<\/p>","protected":false},"author":46,"featured_media":0,"parent":0,"menu_order":0,"comment_status":"closed","ping_status":"closed","template":"","meta":{"_monsterinsights_skip_tracking":false,"_monsterinsights_sitenote_active":false,"_monsterinsights_sitenote_note":"","_monsterinsights_sitenote_category":0,"footnotes":""},"aioseo_notices":[],"jetpack_sharing_enabled":true,"_links":{"self":[{"href":"https:\/\/elixir-ks.com\/en\/wp-json\/wp\/v2\/pages\/8990"}],"collection":[{"href":"https:\/\/elixir-ks.com\/en\/wp-json\/wp\/v2\/pages"}],"about":[{"href":"https:\/\/elixir-ks.com\/en\/wp-json\/wp\/v2\/types\/page"}],"author":[{"embeddable":true,"href":"https:\/\/elixir-ks.com\/en\/wp-json\/wp\/v2\/users\/46"}],"replies":[{"embeddable":true,"href":"https:\/\/elixir-ks.com\/en\/wp-json\/wp\/v2\/comments?post=8990"}],"version-history":[{"count":0,"href":"https:\/\/elixir-ks.com\/en\/wp-json\/wp\/v2\/pages\/8990\/revisions"}],"wp:attachment":[{"href":"https:\/\/elixir-ks.com\/en\/wp-json\/wp\/v2\/media?parent=8990"}],"curies":[{"name":"wp","href":"https:\/\/api.w.org\/{rel}","templated":true}]}}