{"id":21,"date":"2018-07-31T12:15:26","date_gmt":"2018-07-31T12:15:26","guid":{"rendered":"https:\/\/xstore.8theme.com\/?page_id=3"},"modified":"2023-08-11T09:19:28","modified_gmt":"2023-08-11T09:19:28","slug":"politikat-e-privatesise","status":"publish","type":"page","link":"https:\/\/elixir-ks.com\/en\/politikat-e-privatesise\/","title":{"rendered":"Politikat e Privat\u00ebsis\u00eb"},"content":{"rendered":"<div data-elementor-type=\"wp-page\" data-elementor-id=\"21\" class=\"elementor elementor-21\" data-elementor-post-type=\"page\">\n\t\t\t\t\t\t<section class=\"elementor-section elementor-top-section elementor-element elementor-element-24d6b1cf elementor-section-boxed elementor-section-height-default elementor-section-height-default\" data-id=\"24d6b1cf\" data-element_type=\"section\">\n\t\t\t\t\t\t<div class=\"elementor-container elementor-column-gap-default\">\n\t\t\t\t\t<div class=\"elementor-column elementor-col-100 elementor-top-column elementor-element elementor-element-671c4de7\" data-id=\"671c4de7\" data-element_type=\"column\">\n\t\t\t<div class=\"elementor-widget-wrap elementor-element-populated\">\n\t\t\t\t\t\t<div class=\"elementor-element elementor-element-ef1942c elementor-widget elementor-widget-heading\" data-id=\"ef1942c\" data-element_type=\"widget\" data-widget_type=\"heading.default\">\n\t\t\t\t<div class=\"elementor-widget-container\">\n\t\t\t\t\t<h2 class=\"elementor-heading-title elementor-size-default\">Objektivat dhe Fush\u00ebveprimi i Politik\u00ebs s\u00eb Privat\u00ebsis\u00eb<\/h2>\t\t\t\t<\/div>\n\t\t\t\t<\/div>\n\t\t\t\t<div class=\"elementor-element elementor-element-4f09e59 elementor-widget elementor-widget-text-editor\" data-id=\"4f09e59\" data-element_type=\"widget\" data-widget_type=\"text-editor.default\">\n\t\t\t\t<div class=\"elementor-widget-container\">\n\t\t\t\t\t\t\t\t\t<p>Me Politikat e Privat\u00ebsis\u00eb ne do t\u00eb qart\u00ebsojm\u00eb se ku dhe si mbrohen t\u00eb dh\u00ebnat personale t\u00eb t\u00eb gjith\u00eb konsumator\u00ebve t\u00eb regjistruar n\u00eb faqen ton\u00eb t\u00eb internetit. Kjo politik\u00eb e privat\u00ebsis\u00eb vlen vet\u00ebm p\u00ebr www.elixir-ks.com. N\u00ebse shfaqet ndonj\u00eb link tjet\u00ebr qe ju lidh\u00eb me WEB faqe tjera, ne nuk marrim asnj\u00eb p\u00ebrgjegj\u00ebsi n\u00eb lidhje me mbrojtjen e t\u00eb dh\u00ebnave personale nga ato faqet t\u00eb internetit.<\/p><p>\u00c7do p\u00ebrdorues pas regjistrimit dhe blerjes, deklaron se \u00ebsht\u00eb i njohur dhe pajtohet me Politika e Privat\u00ebsis\u00eb son\u00eb.<\/p><p>Duke n\u00ebnshkruar, t\u00eb gjitha t\u00eb dh\u00ebnat personale q\u00eb hyn\u00eb n\u00eb sistemin ton\u00eb n\u00ebp\u00ebrmjet formularit t\u00eb regjistrimit do t\u00eb p\u00ebrdoren p\u00ebr q\u00ebllime t\u00eb dor\u00ebzimit t\u00eb produktit, zbatimi i pages\u00ebs, si dhe p\u00ebr t\u2019ju informuar dhe reklamuar produktet dhe sh\u00ebrbimet e ofruara nga ne, n\u00eb qoft\u00eb se ju keni zgjedhur k\u00ebt\u00eb opsion dhe ajo \u00ebsht\u00eb mbajtur sipas dispozitave t\u00eb mbrojtjes s\u00eb t\u00eb dh\u00ebnave personale dhe t\u00eb mos lihen t\u00eb pal\u00ebt e treta.<\/p><p>Informacionet q\u00eb ne kemi nevoj\u00eb p\u00ebr regjistrim:<br \/>\u2013 \u00a0\u00a0 \u00a0Emri dhe mbiemri<br \/>\u2013 \u00a0\u00a0 \u00a0E-mail<br \/>\u2013 \u00a0\u00a0 \u00a0Adresa p\u00ebr d\u00ebrgimin e porosis\u00eb dhe<br \/>\u2013 \u00a0\u00a0 \u00a0Numri i telefonit<\/p><p>T\u00eb dh\u00ebnat q\u00eb ne mbledhim dhe mbajm\u00eb, nuk do t\u00eb publikohen, shiten ose dor\u00ebzohen tek nj\u00eb pal\u00eb e tret\u00eb, p\u00ebrve\u00e7 n\u00ebse autoritetet kompetente n\u00eb m\u00ebnyr\u00ebn t\u00eb p\u00ebrcaktuar nga legjislacioni i Republik\u00ebs s\u00eb Kosov\u00ebs i k\u00ebrkojn\u00eb.<\/p><p>Elixir Make up Kosovo ofron sh\u00ebrbime t\u00eb bazuara n\u00eb Internet t\u00eb cilat leht\u00ebsojn\u00eb jet\u00ebn n\u00eb epok\u00ebn digjitale. Kur ju p\u00ebrdorni sh\u00ebrbimet tona ju ndani disa informata me ne. Privat\u00ebsia juaj \u00ebsht\u00eb jasht\u00ebzakonisht e r\u00ebnd\u00ebsishme p\u00ebr ne. N\u00eb p\u00ebrgjigje t\u00eb rregullores s\u00eb re p\u00ebr mbrojtjen e t\u00eb dh\u00ebnave (GDPR), q\u00eb ka hyr\u00eb n\u00eb fuqi n\u00eb Bashkimin Evropian m\u00eb 25 Maj 2018, ne kemi p\u00ebrditesuar Kushtet e Sh\u00ebrbimit dhe Politikat e Privat\u00ebsis\u00eb.<\/p><p>Ne jemi t\u00eb p\u00ebrkushtuar t\u00eb respektojm\u00eb dhe mbrojm\u00eb privat\u00ebsin\u00eb tuaj. \u00c7far\u00ebdo pyetje q\u00eb keni n\u00eb lidhje me politikat e privat\u00ebsis\u00eb ju lutem mos hezitoni t\u00eb na\u00a0<strong>kontaktoni<\/strong><\/p>\t\t\t\t\t\t\t\t<\/div>\n\t\t\t\t<\/div>\n\t\t\t\t<div class=\"elementor-element elementor-element-dfc2071 elementor-widget elementor-widget-heading\" data-id=\"dfc2071\" data-element_type=\"widget\" data-widget_type=\"heading.default\">\n\t\t\t\t<div class=\"elementor-widget-container\">\n\t\t\t\t\t<h2 class=\"elementor-heading-title elementor-size-default\">Mbledhja e t\u00eb Dh\u00ebnave Personale<\/h2>\t\t\t\t<\/div>\n\t\t\t\t<\/div>\n\t\t\t\t<div class=\"elementor-element elementor-element-e11f6c3 elementor-widget elementor-widget-text-editor\" data-id=\"e11f6c3\" data-element_type=\"widget\" data-widget_type=\"text-editor.default\">\n\t\t\t\t<div class=\"elementor-widget-container\">\n\t\t\t\t\t\t\t\t\t<p>Ne mund t\u00eb mbledhim t\u00eb dh\u00ebnat dhe informatat tuaja personale (p\u00ebrfshir\u00eb edhe pajisjet e ndryshme) kur ju:<\/p><p>Shfryt\u00ebzoni sh\u00ebrbimet tona;<\/p><p>Regjistroheni p\u00ebr hapje t\u00eb llogaris\u00eb tek ne;<\/p><p>P\u00ebrdit\u00ebsoni apo shtoni t\u00eb dh\u00ebnat personale n\u00eb llogarin\u00eb tuaj;<\/p><p>Komunikoni me ne n\u00eb lidhje me sh\u00ebrbimet tona, dhe;<\/p><p>Rastet tjera si\u00e7 mund t\u00eb jen\u00eb t\u00eb specifikuara si m\u00eb posht\u00eb n\u00eb k\u00ebt\u00eb Politik\u00eb t\u00eb Privat\u00ebsis\u00eb.<\/p>\t\t\t\t\t\t\t\t<\/div>\n\t\t\t\t<\/div>\n\t\t\t\t<div class=\"elementor-element elementor-element-1c06fd7 elementor-widget elementor-widget-heading\" data-id=\"1c06fd7\" data-element_type=\"widget\" data-widget_type=\"heading.default\">\n\t\t\t\t<div class=\"elementor-widget-container\">\n\t\t\t\t\t<h2 class=\"elementor-heading-title elementor-size-default\">T\u00eb dh\u00ebnat personale q\u00eb ne mund t\u2019i mbledhim p\u00ebrfshijn\u00eb si vijon:<\/h2>\t\t\t\t<\/div>\n\t\t\t\t<\/div>\n\t\t\t\t<div class=\"elementor-element elementor-element-4853bd2 elementor-widget elementor-widget-text-editor\" data-id=\"4853bd2\" data-element_type=\"widget\" data-widget_type=\"text-editor.default\">\n\t\t\t\t<div class=\"elementor-widget-container\">\n\t\t\t\t\t\t\t\t\t<p>P\u00ebrmbajtje q\u00eb ju gjeneroni apo q\u00eb \u00ebsht\u00eb e nd\u00ebrlidhur me llogarin\u00eb tuaj (si\u00e7 \u00ebsht\u00eb shtimi i nj\u00eb artikulli n\u00eb shport\u00eb).<\/p><p>Informacionet e adres\u00ebs se d\u00ebrges\u00ebs apo adres\u00ebs s\u00eb faturimit dhe informacione t\u00eb tjera t\u00eb p\u00ebrdorura nga ju p\u00ebr t\u00eb bler\u00eb ndonj\u00eb produkt apo sh\u00ebrbim.<\/p><p>N\u00eb disa raste, kur ju p\u00ebrdorni sh\u00ebrbimet tona, ju mund t\u00eb ofroni informata personale si\u00e7 mund t\u00eb jen\u00eb: mosha, gjinia, interesat, p\u00ebrvoja, edukimi dhe preferencat tuaja.<\/p><p>Informata shtes\u00eb q\u00eb k\u00ebrkohen apo autorizohen nga ligjet e aplikueshme p\u00ebr t\u00eb mbledhur dhe t\u00eb procesuar me q\u00ebllim identifikimin dhe verifikimin e informacionit q\u00eb kemi mbledhur nga ju.<\/p>\t\t\t\t\t\t\t\t<\/div>\n\t\t\t\t<\/div>\n\t\t\t\t<div class=\"elementor-element elementor-element-d669bb2 elementor-widget elementor-widget-heading\" data-id=\"d669bb2\" data-element_type=\"widget\" data-widget_type=\"heading.default\">\n\t\t\t\t<div class=\"elementor-widget-container\">\n\t\t\t\t\t<h2 class=\"elementor-heading-title elementor-size-default\">T\u00eb dh\u00ebnat automatike<\/h2>\t\t\t\t<\/div>\n\t\t\t\t<\/div>\n\t\t\t\t<div class=\"elementor-element elementor-element-66e2adf elementor-widget elementor-widget-text-editor\" data-id=\"66e2adf\" data-element_type=\"widget\" data-widget_type=\"text-editor.default\">\n\t\t\t\t<div class=\"elementor-widget-container\">\n\t\t\t\t\t\t\t\t\t<p>Informata q\u00eb lidhen me nd\u00ebrveprimin tuaj me produktet tona;<\/p><p>Preferencat e juaja t\u00eb marketingut, reklamave dhe komunikimit tuaj me ne. K\u00ebt\u00eb informacion ne e pranojm\u00eb nga pajisjet q\u00eb ju i p\u00ebrdorni kur shfryt\u00ebzoni sh\u00ebrbimet tona, regjistroheni p\u00ebr nj\u00eb llogari te ne, p\u00ebrdit\u00ebsoni apo shtoni informata n\u00eb llogarin\u00eb tuaj, participoni n\u00eb diskutime apo chat-e, apo kur ju komunikoni me ne n\u00eb lidhje me sh\u00ebrbimet tona. Ky informacion p\u00ebrfshin si vijon: ID-n\u00eb e pajisjes tuaj apo numrin unik identifikues dhe llojin e pajisjes, sistemin operativ apo t\u00eb ngjashme.<\/p><p>Informata mbi vendndodhjen gjeografike, nga IP adresa apo t\u00eb sh\u00ebnimeve tjera t\u00eb pajisjes.<\/p><p>Informatat e kompjuterit, si\u00e7 mund t\u00eb jen\u00eb statistikat e shikimit t\u00eb faqeve nga ana e juaj, qarkullimi p\u00ebr apo nga sajtet e caktuara, linqeve, referimet URL, IP adresat tuaja, historin\u00eb tuaj t\u00eb shfletimeve apo t\u00eb dh\u00ebnat tuaja t\u00eb ky\u00e7jes n\u00eb ueb faqet tona, apo partnereve tan\u00eb.<\/p>\t\t\t\t\t\t\t\t<\/div>\n\t\t\t\t<\/div>\n\t\t\t\t<div class=\"elementor-element elementor-element-0efac64 elementor-widget elementor-widget-heading\" data-id=\"0efac64\" data-element_type=\"widget\" data-widget_type=\"heading.default\">\n\t\t\t\t<div class=\"elementor-widget-container\">\n\t\t\t\t\t<h2 class=\"elementor-heading-title elementor-size-default\">T\u00eb dh\u00ebnat p\u00ebr procesim t\u00eb pagesave<\/h2>\t\t\t\t<\/div>\n\t\t\t\t<\/div>\n\t\t\t\t<div class=\"elementor-element elementor-element-11f7603 elementor-widget elementor-widget-text-editor\" data-id=\"11f7603\" data-element_type=\"widget\" data-widget_type=\"text-editor.default\">\n\t\t\t\t<div class=\"elementor-widget-container\">\n\t\t\t\t\t\t\t\t\t<p>Ne nuk i mbledhim, ruajm\u00eb apo procesojm\u00eb t\u00eb dh\u00ebnat e kartelave bankare me t\u00eb cilat mund t\u00eb kryhet pagesa. N\u00eb raste kur procesimi i pagesave kryhet nga pal\u00ebt e treta kushtet dhe politikat e pal\u00ebve t\u00eb treta aplikohen.<\/p><p>Ne p\u00ebrdorim dhe ruajm\u00eb t\u00eb dh\u00ebnat tuaja personale t\u00eb mbledhura nga ju p\u00ebr q\u00ebllimet si m\u00eb posht\u00eb:<br \/>\u2013 Identifikimin tuaj p\u00ebr qasje t\u00eb sigurt\u00eb n\u00eb sh\u00ebrbime tona;<br \/>\u2013 Ofruar sh\u00ebrbime te personalizuara dhe relevante;<br \/>\u2013 P\u00ebr t\u00eb p\u00ebrmir\u00ebsuar sh\u00ebrbimet tona ndaj jush;<br \/>\u2013 P\u00ebr t\u2019ju kontaktuar ne lidhje me llogarin\u00eb tuaj, si p.sh. d\u00ebrgimi i e-mail p\u00ebr te v\u00ebrtetuar llogarin\u00eb me e-mail apo SMS, apo p\u00ebr t\u00eb ju kthyer p\u00ebrgjigje kur ju na kontaktoni neve.<br \/>\u2013 Personalizimin e reklamave dhe komunikimeve tona p\u00ebr q\u00ebllime marketingu;<br \/>\u2013 Parandaluar, zbuluar, zvog\u00ebluar, dhe hetuar aktivitet mashtruese dhe ilegale;<br \/>\u2013 Qe teknikisht t\u00eb kemi mund\u00ebsi t\u00eb ju sh\u00ebrbejm\u00eb, si dhe p\u00ebr testime t\u00eb algoritmeve, p\u00ebr t\u00eb p\u00ebrmir\u00ebsuar eksperienc\u00ebn e juaj dhe p\u00ebr t\u00eb shfaqur reklama sa me relevante.<\/p>\t\t\t\t\t\t\t\t<\/div>\n\t\t\t\t<\/div>\n\t\t\t\t<div class=\"elementor-element elementor-element-7f86b70 elementor-widget elementor-widget-heading\" data-id=\"7f86b70\" data-element_type=\"widget\" data-widget_type=\"heading.default\">\n\t\t\t\t<div class=\"elementor-widget-container\">\n\t\t\t\t\t<h2 class=\"elementor-heading-title elementor-size-default\">Si i ruajm\u00eb t\u00eb dh\u00ebnat e mbledhura<\/h2>\t\t\t\t<\/div>\n\t\t\t\t<\/div>\n\t\t\t\t<div class=\"elementor-element elementor-element-8a3d235 elementor-widget elementor-widget-text-editor\" data-id=\"8a3d235\" data-element_type=\"widget\" data-widget_type=\"text-editor.default\">\n\t\t\t\t<div class=\"elementor-widget-container\">\n\t\t\t\t\t\t\t\t\t<p>Ne ruajm\u00eb t\u00eb dh\u00ebnat tuaja personale p\u00ebr aq koh\u00eb sa \u00ebsht\u00eb e nevojshme dhe jan\u00eb t\u00eb r\u00ebnd\u00ebsishme p\u00ebr ofrimin e sh\u00ebrbimeve tona, n\u00eb p\u00ebrputhje me ligjet n\u00eb fuqi. P\u00ebrve\u00e7 k\u00ebsaj, ne mund t\u00eb ruajm\u00eb t\u00eb dh\u00ebnat tuaja personale edhe pas mbylljes s\u00eb llogaris\u00eb tuaj p\u00ebr t\u00eb parandaluar mashtrimin, p\u00ebr t\u00eb mbledhur ndonj\u00eb borxh t\u00eb papaguar, zgjidhjen e kontesteve, p\u00ebr t\u00eb zbatuar marr\u00ebveshjen ton\u00eb p\u00ebr Kushtet e P\u00ebrdorimit, p\u00ebr t\u00eb ndihmuar \u00e7do hetim, dhe t\u00eb nd\u00ebrmarr\u00eb veprime t\u00eb tjera t\u00eb lejuara ose t\u00eb k\u00ebrkuara me ligjet e aplikueshme.<\/p><p>N\u00eb rastet kur nuk \u00ebsht\u00eb m\u00eb e nevojshme p\u00ebr ne p\u00ebr t\u00eb ruajtur t\u00eb dh\u00ebnat tuaja personale apo kur shuhet q\u00ebllimi p\u00ebr t\u00eb cilin jan\u00eb mbledhur apo ruajtur t\u00eb dh\u00ebnat tuaja personale, ne b\u00ebjm\u00eb shkat\u00ebrrimin e tyre n\u00eb m\u00ebnyr\u00eb t\u00eb sigurt\u00eb n\u00eb p\u00ebrputhje me ligjet nacionale p\u00ebr privat\u00ebsin\u00eb dhe mbrojtjen e t\u00eb dh\u00ebnave personale dhe politikave tona t\u00eb brendshme.<\/p><p>Ne nuk i shesim te dh\u00ebnat e juaja. Ne i p\u00ebrdorim te dh\u00ebnat e juaja p\u00ebr t\u00eb ju sh\u00ebrbyer me mir\u00eb, si dhe p\u00ebr t\u2019i shfaqur reklamat q\u00eb ne mendojm\u00eb q\u00eb do t\u00eb ju p\u00eblqejn\u00eb.<\/p>\t\t\t\t\t\t\t\t<\/div>\n\t\t\t\t<\/div>\n\t\t\t\t<div class=\"elementor-element elementor-element-62efaa6 elementor-widget elementor-widget-heading\" data-id=\"62efaa6\" data-element_type=\"widget\" data-widget_type=\"heading.default\">\n\t\t\t\t<div class=\"elementor-widget-container\">\n\t\t\t\t\t<h2 class=\"elementor-heading-title elementor-size-default\">Siguria<\/h2>\t\t\t\t<\/div>\n\t\t\t\t<\/div>\n\t\t\t\t<div class=\"elementor-element elementor-element-974c679 elementor-widget elementor-widget-text-editor\" data-id=\"974c679\" data-element_type=\"widget\" data-widget_type=\"text-editor.default\">\n\t\t\t\t<div class=\"elementor-widget-container\">\n\t\t\t\t\t\t\t\t\t<p>Ne mbrojm\u00eb t\u00eb dh\u00ebnat tuaja duke p\u00ebrdorur masa t\u00eb larta teknike fizike dhe administrative t\u00eb siguris\u00eb me q\u00ebllim t\u00eb minimizimit t\u00eb rrezikut nga ndonj\u00eb humbje, keqp\u00ebrdorim, qasje e paautorizuar, zbulim dhe ndryshim. Disa nga masat mbrojt\u00ebse q\u00eb ne p\u00ebrdorim jan\u00eb firewalls dhe enkriptimi i t\u00eb dh\u00ebnave dhe nivele t\u00eb larta t\u00eb kontrollit dhe autorizimeve p\u00ebr qasje n\u00eb t\u00eb dh\u00ebnat tuaja personale. N\u00ebse besoni se llogaria juaj \u00ebsht\u00eb abuzuar, ju lutemi kontaktoni menj\u00ebher\u00eb p\u00ebrmes e-mailit <strong>info@elixir-ks.com<\/strong><\/p><p>N\u00ebse ju keni ndonj\u00eb pyetje, sugjerim apo ankes\u00eb p\u00ebr k\u00ebt\u00eb Politik\u00eb t\u00eb Privat\u00ebsis\u00eb, apo n\u00eb lidhje me t\u00eb drejt\u00ebn tuaj t\u00eb privat\u00ebsis\u00eb dhe mbrojtjen e t\u00eb dh\u00ebnave tuaja personale ju mund t\u00eb na kontaktoni p\u00ebrmes e-mailit <strong>info@elixir-ks.com<\/strong><\/p>\t\t\t\t\t\t\t\t<\/div>\n\t\t\t\t<\/div>\n\t\t\t\t\t<\/div>\n\t\t<\/div>\n\t\t\t\t\t<\/div>\n\t\t<\/section>\n\t\t\t\t<\/div>","protected":false},"excerpt":{"rendered":"<p>Objektivat dhe Fush\u00ebveprimi i Politik\u00ebs s\u00eb Privat\u00ebsis\u00eb Me Politikat e Privat\u00ebsis\u00eb ne do t\u00eb qart\u00ebsojm\u00eb se ku dhe si mbrohen t\u00eb dh\u00ebnat personale t\u00eb t\u00eb gjith\u00eb konsumator\u00ebve t\u00eb regjistruar n\u00eb faqen ton\u00eb t\u00eb internetit. Kjo politik\u00eb e privat\u00ebsis\u00eb vlen vet\u00ebm p\u00ebr www.elixir-ks.com. N\u00ebse shfaqet ndonj\u00eb&#8230;<\/p>","protected":false},"author":46,"featured_media":0,"parent":0,"menu_order":0,"comment_status":"closed","ping_status":"closed","template":"","meta":{"_monsterinsights_skip_tracking":false,"_monsterinsights_sitenote_active":false,"_monsterinsights_sitenote_note":"","_monsterinsights_sitenote_category":0,"footnotes":""},"aioseo_notices":[],"jetpack_sharing_enabled":true,"_links":{"self":[{"href":"https:\/\/elixir-ks.com\/en\/wp-json\/wp\/v2\/pages\/21"}],"collection":[{"href":"https:\/\/elixir-ks.com\/en\/wp-json\/wp\/v2\/pages"}],"about":[{"href":"https:\/\/elixir-ks.com\/en\/wp-json\/wp\/v2\/types\/page"}],"author":[{"embeddable":true,"href":"https:\/\/elixir-ks.com\/en\/wp-json\/wp\/v2\/users\/46"}],"replies":[{"embeddable":true,"href":"https:\/\/elixir-ks.com\/en\/wp-json\/wp\/v2\/comments?post=21"}],"version-history":[{"count":0,"href":"https:\/\/elixir-ks.com\/en\/wp-json\/wp\/v2\/pages\/21\/revisions"}],"wp:attachment":[{"href":"https:\/\/elixir-ks.com\/en\/wp-json\/wp\/v2\/media?parent=21"}],"curies":[{"name":"wp","href":"https:\/\/api.w.org\/{rel}","templated":true}]}}